{"id":14,"date":"2024-02-29T12:13:47","date_gmt":"2024-02-29T11:13:47","guid":{"rendered":"https:\/\/limpiezassalceda.es\/?page_id=14"},"modified":"2024-03-14T11:10:51","modified_gmt":"2024-03-14T10:10:51","slug":"servicios","status":"publish","type":"page","link":"https:\/\/limpiezassalceda.es\/?page_id=14","title":{"rendered":"Servicios"},"content":{"rendered":"\n<h2 class=\"wp-block-heading has-text-color has-link-color wp-elements-356ec657fda461bfa3a94c80add1d983\" style=\"color:#045280;font-size:30px\">Servicios que ofrecemos en nuestra empresa de limpieza<\/h2>\n\n\n\n<div class=\"wp-block-columns is-layout-flex wp-container-core-columns-is-layout-9d6595d7 wp-block-columns-is-layout-flex\">\n<div class=\"wp-block-column is-layout-flow wp-block-column-is-layout-flow\">\n<figure class=\"wp-block-image size-full\"><img loading=\"lazy\" decoding=\"async\" width=\"426\" height=\"251\" src=\"https:\/\/limpiezassalceda.es\/wp-content\/uploads\/2024\/03\/servicio-1.jpg\" alt=\"\" class=\"wp-image-151\"\/><\/figure>\n<\/div>\n\n\n\n<div class=\"wp-block-column is-vertically-aligned-center is-layout-flow wp-block-column-is-layout-flow\">\n<p class=\"has-text-color has-link-color wp-elements-5341d6582ccf3ebfa434623c39a51beb\" style=\"color:#045280;font-size:17px\">Exploramos lo \u00faltimo en limpieza: Contamos con tecnolog\u00eda y maquinaria vanguardista, junto con una variedad de materiales para limpieza comercial e industrial. Nos comprometemos a garantizar la ejecuci\u00f3n impecable de todos los servicios que ofrecemos.<\/p>\n<\/div>\n<\/div>\n\n\n\n<div class=\"wp-block-columns is-layout-flex wp-container-core-columns-is-layout-9d6595d7 wp-block-columns-is-layout-flex\">\n<div class=\"wp-block-column is-vertically-aligned-center is-layout-flow wp-block-column-is-layout-flow\">\n<p class=\"has-text-color has-link-color wp-elements-6a4aa62ddbf60bc62c0aa7054c49b8cf\" style=\"color:#045280;font-size:17px\">Respaldados por a\u00f1os de experiencia, buscamos m\u00e1s que la satisfacci\u00f3n del cliente; buscamos dejar una experiencia de trato amable y un servicio completamente adaptado a sus necesidades.<\/p>\n\n\n\n<p class=\"has-text-color has-link-color wp-elements-1a3242268e361cbdee2f26b88f4c4e37\" style=\"color:#045280;font-size:17px\">Cubrimos integralmente las demandas en limpieza, higiene, desinfecci\u00f3n y servicios adicionales, adapt\u00e1ndonos al tama\u00f1o y tipo de cada centro de trabajo.<\/p>\n<\/div>\n\n\n\n<div class=\"wp-block-column is-layout-flow wp-block-column-is-layout-flow\">\n<figure class=\"wp-block-image size-full is-resized\"><img loading=\"lazy\" decoding=\"async\" width=\"920\" height=\"614\" src=\"https:\/\/limpiezassalceda.es\/wp-content\/uploads\/2024\/03\/servicio-2.jpeg\" alt=\"\" class=\"wp-image-152\" style=\"width:356px;height:auto\"\/><\/figure>\n<\/div>\n<\/div>\n\n\n\n<hr class=\"wp-block-separator has-text-color has-alpha-channel-opacity has-background is-style-dots\" style=\"background-color:#045280;color:#045280\"\/>\n\n\n\n<figure class=\"wp-block-table is-style-stripes\" style=\"font-size:17px\"><table class=\"has-text-color has-background has-link-color has-fixed-layout\" style=\"color:#045280;background-color:#0452802e\"><tbody><tr><td class=\"has-text-align-center\" data-align=\"center\"><strong>Limpieza general<\/strong><\/td><td class=\"has-text-align-center\" data-align=\"center\"><strong>Edificios de oficinas<\/strong><\/td><td class=\"has-text-align-center\" data-align=\"center\"><strong>Comunidades y viviendas particulares<\/strong><\/td><\/tr><tr><td class=\"has-text-align-center\" data-align=\"center\"><strong>Instalaciones deportivas<\/strong><\/td><td class=\"has-text-align-center\" data-align=\"center\"><strong>Piscinas<\/strong><\/td><td class=\"has-text-align-center\" data-align=\"center\"><strong>Dependencias administrativas institucionales<\/strong><\/td><\/tr><tr><td class=\"has-text-align-center\" data-align=\"center\"><strong>Locales comerciales<\/strong><\/td><td class=\"has-text-align-center\" data-align=\"center\"><strong>Limpieza de cristales<\/strong><\/td><td class=\"has-text-align-center\" data-align=\"center\"><strong>Limpieza fin de obra<\/strong><\/td><\/tr><tr><td class=\"has-text-align-center\" data-align=\"center\"><strong>Hosteler\u00eda<\/strong><\/td><td class=\"has-text-align-center\" data-align=\"center\"><strong>Centros educativos<\/strong><\/td><td class=\"has-text-align-center\" data-align=\"center\"><strong>Limpieza de cristales<\/strong><\/td><\/tr><\/tbody><\/table><\/figure>\n\n\n\n<p><\/p>\n\n\n\n<hr class=\"wp-block-separator has-text-color has-alpha-channel-opacity has-background is-style-dots\" style=\"background-color:#045280;color:#045280\"\/>\n\n\n\n<div class=\"wp-block-group alignwide has-text-color has-background\" style=\"color:#000000;background-color:#04528014\"><div class=\"wp-block-group__inner-container is-layout-flow wp-block-group-is-layout-flow\">\n<p class=\"has-text-align-center has-text-color has-link-color has-small-font-size wp-elements-c69dcf58bdf17be64362633934dc70f3\" style=\"color:#045280;line-height:.9\">&#8211; <strong>Ponte en contacto<\/strong> &#8211;<\/p>\n\n\n\n<h2 class=\"wp-block-heading has-text-align-center has-text-color has-link-color wp-elements-4b2a327a6293a5ca299a80656f7c8d18\" id=\"schedule-a-visit\" style=\"color:#045280;font-size:59px;line-height:1.15\"><strong>Programa una consulta<\/strong><\/h2>\n\n\n\n<div class=\"wp-block-buttons is-horizontal is-content-justification-center is-layout-flex wp-container-core-buttons-is-layout-499968f5 wp-block-buttons-is-layout-flex\">\n<div class=\"wp-block-button has-custom-width wp-block-button__width-50\"><a class=\"wp-block-button__link has-text-color has-background wp-element-button\" href=\"https:\/\/limpiezassalceda.es\/?page_id=18\" style=\"border-radius:10px;color:#ffffff;background-color:#045280\">Cont\u00e1ctanos<\/a><\/div>\n<\/div>\n\n\n\n<div style=\"height:29px\" aria-hidden=\"true\" class=\"wp-block-spacer\"><\/div>\n<\/div><\/div>\n","protected":false},"excerpt":{"rendered":"<p>Servicios que ofrecemos en nuestra empresa de limpieza Exploramos lo \u00faltimo en limpieza: Contamos con tecnolog\u00eda y maquinaria vanguardista, junto con una variedad de materiales para limpieza comercial e industrial. Nos comprometemos a garantizar la ejecuci\u00f3n impecable de todos los servicios que ofrecemos. Respaldados por a\u00f1os de experiencia, buscamos m\u00e1s que la satisfacci\u00f3n del cliente; [&hellip;]<\/p>\n","protected":false},"author":1,"featured_media":0,"parent":0,"menu_order":0,"comment_status":"closed","ping_status":"closed","template":"","meta":{"footnotes":""},"class_list":["post-14","page","type-page","status-publish","hentry","post"],"yoast_head":"<!-- This site is optimized with the Yoast SEO plugin v27.3 - https:\/\/yoast.com\/product\/yoast-seo-wordpress\/ -->\n<title>Servicios - Limpiezas Salceda<\/title>\n<meta name=\"robots\" content=\"index, follow, max-snippet:-1, max-image-preview:large, max-video-preview:-1\" \/>\n<link rel=\"canonical\" href=\"https:\/\/limpiezassalceda.es\/?page_id=14\" \/>\n<meta property=\"og:locale\" content=\"es_ES\" \/>\n<meta property=\"og:type\" content=\"article\" \/>\n<meta property=\"og:title\" content=\"Servicios - Limpiezas Salceda\" \/>\n<meta property=\"og:description\" content=\"Servicios que ofrecemos en nuestra empresa de limpieza Exploramos lo \u00faltimo en limpieza: Contamos con tecnolog\u00eda y maquinaria vanguardista, junto con una variedad de materiales para limpieza comercial e industrial. Nos comprometemos a garantizar la ejecuci\u00f3n impecable de todos los servicios que ofrecemos. Respaldados por a\u00f1os de experiencia, buscamos m\u00e1s que la satisfacci\u00f3n del cliente; [&hellip;]\" \/>\n<meta property=\"og:url\" content=\"https:\/\/limpiezassalceda.es\/?page_id=14\" \/>\n<meta property=\"og:site_name\" content=\"Limpiezas Salceda\" \/>\n<meta property=\"article:modified_time\" content=\"2024-03-14T10:10:51+00:00\" \/>\n<meta property=\"og:image\" content=\"https:\/\/limpiezassalceda.es\/wp-content\/uploads\/2024\/03\/servicio-1.jpg\" \/>\n<meta name=\"twitter:card\" content=\"summary_large_image\" \/>\n<meta name=\"twitter:label1\" content=\"Tiempo de lectura\" \/>\n\t<meta name=\"twitter:data1\" content=\"1 minuto\" \/>\n<script type=\"application\/ld+json\" class=\"yoast-schema-graph\">{\"@context\":\"https:\\\/\\\/schema.org\",\"@graph\":[{\"@type\":\"WebPage\",\"@id\":\"https:\\\/\\\/limpiezassalceda.es\\\/?page_id=14\",\"url\":\"https:\\\/\\\/limpiezassalceda.es\\\/?page_id=14\",\"name\":\"Servicios - Limpiezas Salceda\",\"isPartOf\":{\"@id\":\"https:\\\/\\\/limpiezassalceda.es\\\/#website\"},\"primaryImageOfPage\":{\"@id\":\"https:\\\/\\\/limpiezassalceda.es\\\/?page_id=14#primaryimage\"},\"image\":{\"@id\":\"https:\\\/\\\/limpiezassalceda.es\\\/?page_id=14#primaryimage\"},\"thumbnailUrl\":\"https:\\\/\\\/limpiezassalceda.es\\\/wp-content\\\/uploads\\\/2024\\\/03\\\/servicio-1.jpg\",\"datePublished\":\"2024-02-29T11:13:47+00:00\",\"dateModified\":\"2024-03-14T10:10:51+00:00\",\"breadcrumb\":{\"@id\":\"https:\\\/\\\/limpiezassalceda.es\\\/?page_id=14#breadcrumb\"},\"inLanguage\":\"es\",\"potentialAction\":[{\"@type\":\"ReadAction\",\"target\":[\"https:\\\/\\\/limpiezassalceda.es\\\/?page_id=14\"]}]},{\"@type\":\"ImageObject\",\"inLanguage\":\"es\",\"@id\":\"https:\\\/\\\/limpiezassalceda.es\\\/?page_id=14#primaryimage\",\"url\":\"https:\\\/\\\/limpiezassalceda.es\\\/wp-content\\\/uploads\\\/2024\\\/03\\\/servicio-1.jpg\",\"contentUrl\":\"https:\\\/\\\/limpiezassalceda.es\\\/wp-content\\\/uploads\\\/2024\\\/03\\\/servicio-1.jpg\",\"width\":426,\"height\":251},{\"@type\":\"BreadcrumbList\",\"@id\":\"https:\\\/\\\/limpiezassalceda.es\\\/?page_id=14#breadcrumb\",\"itemListElement\":[{\"@type\":\"ListItem\",\"position\":1,\"name\":\"Portada\",\"item\":\"https:\\\/\\\/limpiezassalceda.es\\\/\"},{\"@type\":\"ListItem\",\"position\":2,\"name\":\"Servicios\"}]},{\"@type\":\"WebSite\",\"@id\":\"https:\\\/\\\/limpiezassalceda.es\\\/#website\",\"url\":\"https:\\\/\\\/limpiezassalceda.es\\\/\",\"name\":\"LIMPIEZAS SALCEDA\",\"description\":\"\",\"publisher\":{\"@id\":\"https:\\\/\\\/limpiezassalceda.es\\\/#organization\"},\"potentialAction\":[{\"@type\":\"SearchAction\",\"target\":{\"@type\":\"EntryPoint\",\"urlTemplate\":\"https:\\\/\\\/limpiezassalceda.es\\\/?s={search_term_string}\"},\"query-input\":{\"@type\":\"PropertyValueSpecification\",\"valueRequired\":true,\"valueName\":\"search_term_string\"}}],\"inLanguage\":\"es\"},{\"@type\":\"Organization\",\"@id\":\"https:\\\/\\\/limpiezassalceda.es\\\/#organization\",\"name\":\"LIMPIEZAS SALCEDA\",\"url\":\"https:\\\/\\\/limpiezassalceda.es\\\/\",\"logo\":{\"@type\":\"ImageObject\",\"inLanguage\":\"es\",\"@id\":\"https:\\\/\\\/limpiezassalceda.es\\\/#\\\/schema\\\/logo\\\/image\\\/\",\"url\":\"https:\\\/\\\/limpiezassalceda.es\\\/wp-content\\\/uploads\\\/2024\\\/02\\\/Logo.png\",\"contentUrl\":\"https:\\\/\\\/limpiezassalceda.es\\\/wp-content\\\/uploads\\\/2024\\\/02\\\/Logo.png\",\"width\":650,\"height\":240,\"caption\":\"LIMPIEZAS SALCEDA\"},\"image\":{\"@id\":\"https:\\\/\\\/limpiezassalceda.es\\\/#\\\/schema\\\/logo\\\/image\\\/\"}}]}<\/script>\n<!-- \/ Yoast SEO plugin. -->","yoast_head_json":{"title":"Servicios - Limpiezas Salceda","robots":{"index":"index","follow":"follow","max-snippet":"max-snippet:-1","max-image-preview":"max-image-preview:large","max-video-preview":"max-video-preview:-1"},"canonical":"https:\/\/limpiezassalceda.es\/?page_id=14","og_locale":"es_ES","og_type":"article","og_title":"Servicios - Limpiezas Salceda","og_description":"Servicios que ofrecemos en nuestra empresa de limpieza Exploramos lo \u00faltimo en limpieza: Contamos con tecnolog\u00eda y maquinaria vanguardista, junto con una variedad de materiales para limpieza comercial e industrial. Nos comprometemos a garantizar la ejecuci\u00f3n impecable de todos los servicios que ofrecemos. Respaldados por a\u00f1os de experiencia, buscamos m\u00e1s que la satisfacci\u00f3n del cliente; [&hellip;]","og_url":"https:\/\/limpiezassalceda.es\/?page_id=14","og_site_name":"Limpiezas Salceda","article_modified_time":"2024-03-14T10:10:51+00:00","og_image":[{"url":"https:\/\/limpiezassalceda.es\/wp-content\/uploads\/2024\/03\/servicio-1.jpg","type":"","width":"","height":""}],"twitter_card":"summary_large_image","twitter_misc":{"Tiempo de lectura":"1 minuto"},"schema":{"@context":"https:\/\/schema.org","@graph":[{"@type":"WebPage","@id":"https:\/\/limpiezassalceda.es\/?page_id=14","url":"https:\/\/limpiezassalceda.es\/?page_id=14","name":"Servicios - Limpiezas Salceda","isPartOf":{"@id":"https:\/\/limpiezassalceda.es\/#website"},"primaryImageOfPage":{"@id":"https:\/\/limpiezassalceda.es\/?page_id=14#primaryimage"},"image":{"@id":"https:\/\/limpiezassalceda.es\/?page_id=14#primaryimage"},"thumbnailUrl":"https:\/\/limpiezassalceda.es\/wp-content\/uploads\/2024\/03\/servicio-1.jpg","datePublished":"2024-02-29T11:13:47+00:00","dateModified":"2024-03-14T10:10:51+00:00","breadcrumb":{"@id":"https:\/\/limpiezassalceda.es\/?page_id=14#breadcrumb"},"inLanguage":"es","potentialAction":[{"@type":"ReadAction","target":["https:\/\/limpiezassalceda.es\/?page_id=14"]}]},{"@type":"ImageObject","inLanguage":"es","@id":"https:\/\/limpiezassalceda.es\/?page_id=14#primaryimage","url":"https:\/\/limpiezassalceda.es\/wp-content\/uploads\/2024\/03\/servicio-1.jpg","contentUrl":"https:\/\/limpiezassalceda.es\/wp-content\/uploads\/2024\/03\/servicio-1.jpg","width":426,"height":251},{"@type":"BreadcrumbList","@id":"https:\/\/limpiezassalceda.es\/?page_id=14#breadcrumb","itemListElement":[{"@type":"ListItem","position":1,"name":"Portada","item":"https:\/\/limpiezassalceda.es\/"},{"@type":"ListItem","position":2,"name":"Servicios"}]},{"@type":"WebSite","@id":"https:\/\/limpiezassalceda.es\/#website","url":"https:\/\/limpiezassalceda.es\/","name":"LIMPIEZAS SALCEDA","description":"","publisher":{"@id":"https:\/\/limpiezassalceda.es\/#organization"},"potentialAction":[{"@type":"SearchAction","target":{"@type":"EntryPoint","urlTemplate":"https:\/\/limpiezassalceda.es\/?s={search_term_string}"},"query-input":{"@type":"PropertyValueSpecification","valueRequired":true,"valueName":"search_term_string"}}],"inLanguage":"es"},{"@type":"Organization","@id":"https:\/\/limpiezassalceda.es\/#organization","name":"LIMPIEZAS SALCEDA","url":"https:\/\/limpiezassalceda.es\/","logo":{"@type":"ImageObject","inLanguage":"es","@id":"https:\/\/limpiezassalceda.es\/#\/schema\/logo\/image\/","url":"https:\/\/limpiezassalceda.es\/wp-content\/uploads\/2024\/02\/Logo.png","contentUrl":"https:\/\/limpiezassalceda.es\/wp-content\/uploads\/2024\/02\/Logo.png","width":650,"height":240,"caption":"LIMPIEZAS SALCEDA"},"image":{"@id":"https:\/\/limpiezassalceda.es\/#\/schema\/logo\/image\/"}}]}},"_links":{"self":[{"href":"https:\/\/limpiezassalceda.es\/index.php?rest_route=\/wp\/v2\/pages\/14","targetHints":{"allow":["GET"]}}],"collection":[{"href":"https:\/\/limpiezassalceda.es\/index.php?rest_route=\/wp\/v2\/pages"}],"about":[{"href":"https:\/\/limpiezassalceda.es\/index.php?rest_route=\/wp\/v2\/types\/page"}],"author":[{"embeddable":true,"href":"https:\/\/limpiezassalceda.es\/index.php?rest_route=\/wp\/v2\/users\/1"}],"replies":[{"embeddable":true,"href":"https:\/\/limpiezassalceda.es\/index.php?rest_route=%2Fwp%2Fv2%2Fcomments&post=14"}],"version-history":[{"count":19,"href":"https:\/\/limpiezassalceda.es\/index.php?rest_route=\/wp\/v2\/pages\/14\/revisions"}],"predecessor-version":[{"id":193,"href":"https:\/\/limpiezassalceda.es\/index.php?rest_route=\/wp\/v2\/pages\/14\/revisions\/193"}],"wp:attachment":[{"href":"https:\/\/limpiezassalceda.es\/index.php?rest_route=%2Fwp%2Fv2%2Fmedia&parent=14"}],"curies":[{"name":"wp","href":"https:\/\/api.w.org\/{rel}","templated":true}]}}