{"id":16,"date":"2024-02-29T12:14:41","date_gmt":"2024-02-29T11:14:41","guid":{"rendered":"https:\/\/limpiezassalceda.es\/?page_id=16"},"modified":"2024-03-14T12:21:09","modified_gmt":"2024-03-14T11:21:09","slug":"nosotros","status":"publish","type":"page","link":"https:\/\/limpiezassalceda.es\/?page_id=16","title":{"rendered":"Nosotros"},"content":{"rendered":"\n<div class=\"wp-block-group alignwide has-text-color has-background has-link-color wp-elements-f323d87c0459d19db9e1bea41bd6fe4d\" style=\"color:#045280;background-color:#d0ecff;padding-top:6vw;padding-right:6vw;padding-bottom:6vw;padding-left:6vw\"><div class=\"wp-block-group__inner-container is-layout-flow wp-block-group-is-layout-flow\">\n<div class=\"wp-block-group has-black-color has-text-color has-link-color wp-elements-26d9480e54345a4343e8ecbbfdf9673e is-vertical is-nowrap is-layout-flex wp-container-core-group-is-layout-287ef9cb wp-block-group-is-layout-flex\" style=\"padding-right:0;padding-left:0\">\n<h6 class=\"wp-block-heading has-text-color has-link-color wp-elements-2c4c7b6416eca6f9e0947f208ed2ab82\" id=\"ecosystem\" style=\"color:#045280;font-size:18px;font-style:normal;font-weight:700\">\u00bfPOR QU\u00c9 ELEGIRNOS?<\/h6>\n<\/div>\n\n\n\n<div style=\"height:1vw\" aria-hidden=\"true\" class=\"wp-block-spacer\"><\/div>\n\n\n\n<div class=\"wp-block-group alignwide is-vertical is-nowrap is-layout-flex wp-container-core-group-is-layout-8171334d wp-block-group-is-layout-flex\" style=\"padding-top:0;padding-right:0;padding-bottom:0;padding-left:0\">\n<div class=\"wp-block-columns alignwide is-layout-flex wp-container-core-columns-is-layout-724a882f wp-block-columns-is-layout-flex\">\n<div class=\"wp-block-column is-vertically-aligned-top is-layout-flow wp-block-column-is-layout-flow\" style=\"flex-basis:33%\">\n<p style=\"font-size:17px\">Limpiezas Salceda somos una firma seria que nace en el 2000, comprometida y dedicada al \u00e1mbito de la higienizaci\u00f3n en Salceda de Caselas. Contamos con personal calificado y el equipo necesario para asegurarle eficiencia y \u00f3ptimos resultados. Nuestra amplia experiencia nos permite ofrecer una extensa gama de servicios profesionales y a medida.<\/p>\n<\/div>\n\n\n\n<div class=\"wp-block-column is-vertically-aligned-center is-layout-flow wp-block-column-is-layout-flow\" style=\"flex-basis:69%\"><div class=\"wp-block-image\">\n<figure class=\"aligncenter size-full is-resized\"><img loading=\"lazy\" decoding=\"async\" width=\"600\" height=\"400\" src=\"https:\/\/limpiezassalceda.es\/wp-content\/uploads\/2024\/03\/cristales.jpg\" alt=\"\" class=\"wp-image-216\" style=\"width:406px;height:auto\"\/><\/figure>\n<\/div><\/div>\n<\/div>\n\n\n\n<div class=\"wp-block-columns alignwide is-layout-flex wp-container-core-columns-is-layout-724a882f wp-block-columns-is-layout-flex\">\n<div class=\"wp-block-column is-vertically-aligned-center is-layout-flow wp-block-column-is-layout-flow\" style=\"flex-basis:69%\">\n<figure class=\"wp-block-image size-full is-resized\"><img loading=\"lazy\" decoding=\"async\" width=\"720\" height=\"405\" src=\"https:\/\/limpiezassalceda.es\/wp-content\/uploads\/2024\/03\/empresa2-1.jpg\" alt=\"\" class=\"wp-image-209\" style=\"width:439px;height:auto\"\/><\/figure>\n<\/div>\n\n\n\n<div class=\"wp-block-column is-vertically-aligned-top is-layout-flow wp-block-column-is-layout-flow\" style=\"flex-basis:33%\">\n<p style=\"font-size:17px\">En Limpiezas Salceda nos encargamos de todo tipo de limpiezas, ya que atendemos a empresas y comunidades vecinales. Todos nuestros servicios son personalizados y tienen como finalidad ofrecer soluciones y satisfacer las necesidades de nuestros clientes.<\/p>\n<\/div>\n<\/div>\n\n\n\n<div class=\"wp-block-columns alignwide is-layout-flex wp-container-core-columns-is-layout-724a882f wp-block-columns-is-layout-flex\">\n<div class=\"wp-block-column is-vertically-aligned-top is-layout-flow wp-block-column-is-layout-flow\" style=\"flex-basis:33%\">\n<p style=\"font-size:17px\">El objetivo de nuestros profesionales es atender cada d\u00eda a los diferentes tipos de clientes con los que tratamos, con los servicios m\u00e1s modernos e innovadores del mercado, los cuales adaptamos a cada uno personalmente para ofrecer un servicio de calidad y acorde con cada cliente.<\/p>\n\n\n\n<p style=\"font-size:17px\">Con m\u00e1s de 20 a\u00f1os que nos avalan y la profesionalidad que imponemos en todo lo que hacemos. Cuente con nosotros. <\/p>\n<\/div>\n\n\n\n<div class=\"wp-block-column is-vertically-aligned-center is-layout-flow wp-block-column-is-layout-flow\" style=\"flex-basis:69%\"><div class=\"wp-block-image is-style-default\">\n<figure class=\"aligncenter size-full is-resized\"><img loading=\"lazy\" decoding=\"async\" width=\"800\" height=\"534\" src=\"https:\/\/limpiezassalceda.es\/wp-content\/uploads\/2024\/03\/limpiar-utensilios-limpieza-1-a.jpeg\" alt=\"\" class=\"wp-image-199\" style=\"width:490px;height:auto\"\/><\/figure>\n<\/div><\/div>\n<\/div>\n<\/div>\n<\/div><\/div>\n","protected":false},"excerpt":{"rendered":"<p>\u00bfPOR QU\u00c9 ELEGIRNOS? Limpiezas Salceda somos una firma seria que nace en el 2000, comprometida y dedicada al \u00e1mbito de la higienizaci\u00f3n en Salceda de Caselas. Contamos con personal calificado y el equipo necesario para asegurarle eficiencia y \u00f3ptimos resultados. Nuestra amplia experiencia nos permite ofrecer una extensa gama de servicios profesionales y a medida. [&hellip;]<\/p>\n","protected":false},"author":1,"featured_media":0,"parent":0,"menu_order":0,"comment_status":"closed","ping_status":"closed","template":"","meta":{"footnotes":""},"class_list":["post-16","page","type-page","status-publish","hentry","post"],"yoast_head":"<!-- This site is optimized with the Yoast SEO plugin v27.3 - https:\/\/yoast.com\/product\/yoast-seo-wordpress\/ -->\n<title>Nosotros - Limpiezas Salceda<\/title>\n<meta name=\"robots\" content=\"index, follow, max-snippet:-1, max-image-preview:large, max-video-preview:-1\" \/>\n<link rel=\"canonical\" href=\"https:\/\/limpiezassalceda.es\/?page_id=16\" \/>\n<meta property=\"og:locale\" content=\"es_ES\" \/>\n<meta property=\"og:type\" content=\"article\" \/>\n<meta property=\"og:title\" content=\"Nosotros - Limpiezas Salceda\" \/>\n<meta property=\"og:description\" content=\"\u00bfPOR QU\u00c9 ELEGIRNOS? Limpiezas Salceda somos una firma seria que nace en el 2000, comprometida y dedicada al \u00e1mbito de la higienizaci\u00f3n en Salceda de Caselas. Contamos con personal calificado y el equipo necesario para asegurarle eficiencia y \u00f3ptimos resultados. Nuestra amplia experiencia nos permite ofrecer una extensa gama de servicios profesionales y a medida. [&hellip;]\" \/>\n<meta property=\"og:url\" content=\"https:\/\/limpiezassalceda.es\/?page_id=16\" \/>\n<meta property=\"og:site_name\" content=\"Limpiezas Salceda\" \/>\n<meta property=\"article:modified_time\" content=\"2024-03-14T11:21:09+00:00\" \/>\n<meta property=\"og:image\" content=\"https:\/\/limpiezassalceda.es\/wp-content\/uploads\/2024\/03\/cristales.jpg\" \/>\n<meta name=\"twitter:card\" content=\"summary_large_image\" \/>\n<meta name=\"twitter:label1\" content=\"Tiempo de lectura\" \/>\n\t<meta name=\"twitter:data1\" content=\"1 minuto\" \/>\n<script type=\"application\/ld+json\" class=\"yoast-schema-graph\">{\"@context\":\"https:\\\/\\\/schema.org\",\"@graph\":[{\"@type\":\"WebPage\",\"@id\":\"https:\\\/\\\/limpiezassalceda.es\\\/?page_id=16\",\"url\":\"https:\\\/\\\/limpiezassalceda.es\\\/?page_id=16\",\"name\":\"Nosotros - Limpiezas Salceda\",\"isPartOf\":{\"@id\":\"https:\\\/\\\/limpiezassalceda.es\\\/#website\"},\"primaryImageOfPage\":{\"@id\":\"https:\\\/\\\/limpiezassalceda.es\\\/?page_id=16#primaryimage\"},\"image\":{\"@id\":\"https:\\\/\\\/limpiezassalceda.es\\\/?page_id=16#primaryimage\"},\"thumbnailUrl\":\"https:\\\/\\\/limpiezassalceda.es\\\/wp-content\\\/uploads\\\/2024\\\/03\\\/cristales.jpg\",\"datePublished\":\"2024-02-29T11:14:41+00:00\",\"dateModified\":\"2024-03-14T11:21:09+00:00\",\"breadcrumb\":{\"@id\":\"https:\\\/\\\/limpiezassalceda.es\\\/?page_id=16#breadcrumb\"},\"inLanguage\":\"es\",\"potentialAction\":[{\"@type\":\"ReadAction\",\"target\":[\"https:\\\/\\\/limpiezassalceda.es\\\/?page_id=16\"]}]},{\"@type\":\"ImageObject\",\"inLanguage\":\"es\",\"@id\":\"https:\\\/\\\/limpiezassalceda.es\\\/?page_id=16#primaryimage\",\"url\":\"https:\\\/\\\/limpiezassalceda.es\\\/wp-content\\\/uploads\\\/2024\\\/03\\\/cristales.jpg\",\"contentUrl\":\"https:\\\/\\\/limpiezassalceda.es\\\/wp-content\\\/uploads\\\/2024\\\/03\\\/cristales.jpg\",\"width\":600,\"height\":400},{\"@type\":\"BreadcrumbList\",\"@id\":\"https:\\\/\\\/limpiezassalceda.es\\\/?page_id=16#breadcrumb\",\"itemListElement\":[{\"@type\":\"ListItem\",\"position\":1,\"name\":\"Portada\",\"item\":\"https:\\\/\\\/limpiezassalceda.es\\\/\"},{\"@type\":\"ListItem\",\"position\":2,\"name\":\"Nosotros\"}]},{\"@type\":\"WebSite\",\"@id\":\"https:\\\/\\\/limpiezassalceda.es\\\/#website\",\"url\":\"https:\\\/\\\/limpiezassalceda.es\\\/\",\"name\":\"LIMPIEZAS SALCEDA\",\"description\":\"\",\"publisher\":{\"@id\":\"https:\\\/\\\/limpiezassalceda.es\\\/#organization\"},\"potentialAction\":[{\"@type\":\"SearchAction\",\"target\":{\"@type\":\"EntryPoint\",\"urlTemplate\":\"https:\\\/\\\/limpiezassalceda.es\\\/?s={search_term_string}\"},\"query-input\":{\"@type\":\"PropertyValueSpecification\",\"valueRequired\":true,\"valueName\":\"search_term_string\"}}],\"inLanguage\":\"es\"},{\"@type\":\"Organization\",\"@id\":\"https:\\\/\\\/limpiezassalceda.es\\\/#organization\",\"name\":\"LIMPIEZAS SALCEDA\",\"url\":\"https:\\\/\\\/limpiezassalceda.es\\\/\",\"logo\":{\"@type\":\"ImageObject\",\"inLanguage\":\"es\",\"@id\":\"https:\\\/\\\/limpiezassalceda.es\\\/#\\\/schema\\\/logo\\\/image\\\/\",\"url\":\"https:\\\/\\\/limpiezassalceda.es\\\/wp-content\\\/uploads\\\/2024\\\/02\\\/Logo.png\",\"contentUrl\":\"https:\\\/\\\/limpiezassalceda.es\\\/wp-content\\\/uploads\\\/2024\\\/02\\\/Logo.png\",\"width\":650,\"height\":240,\"caption\":\"LIMPIEZAS SALCEDA\"},\"image\":{\"@id\":\"https:\\\/\\\/limpiezassalceda.es\\\/#\\\/schema\\\/logo\\\/image\\\/\"}}]}<\/script>\n<!-- \/ Yoast SEO plugin. -->","yoast_head_json":{"title":"Nosotros - Limpiezas Salceda","robots":{"index":"index","follow":"follow","max-snippet":"max-snippet:-1","max-image-preview":"max-image-preview:large","max-video-preview":"max-video-preview:-1"},"canonical":"https:\/\/limpiezassalceda.es\/?page_id=16","og_locale":"es_ES","og_type":"article","og_title":"Nosotros - Limpiezas Salceda","og_description":"\u00bfPOR QU\u00c9 ELEGIRNOS? Limpiezas Salceda somos una firma seria que nace en el 2000, comprometida y dedicada al \u00e1mbito de la higienizaci\u00f3n en Salceda de Caselas. Contamos con personal calificado y el equipo necesario para asegurarle eficiencia y \u00f3ptimos resultados. Nuestra amplia experiencia nos permite ofrecer una extensa gama de servicios profesionales y a medida. [&hellip;]","og_url":"https:\/\/limpiezassalceda.es\/?page_id=16","og_site_name":"Limpiezas Salceda","article_modified_time":"2024-03-14T11:21:09+00:00","og_image":[{"url":"https:\/\/limpiezassalceda.es\/wp-content\/uploads\/2024\/03\/cristales.jpg","type":"","width":"","height":""}],"twitter_card":"summary_large_image","twitter_misc":{"Tiempo de lectura":"1 minuto"},"schema":{"@context":"https:\/\/schema.org","@graph":[{"@type":"WebPage","@id":"https:\/\/limpiezassalceda.es\/?page_id=16","url":"https:\/\/limpiezassalceda.es\/?page_id=16","name":"Nosotros - Limpiezas Salceda","isPartOf":{"@id":"https:\/\/limpiezassalceda.es\/#website"},"primaryImageOfPage":{"@id":"https:\/\/limpiezassalceda.es\/?page_id=16#primaryimage"},"image":{"@id":"https:\/\/limpiezassalceda.es\/?page_id=16#primaryimage"},"thumbnailUrl":"https:\/\/limpiezassalceda.es\/wp-content\/uploads\/2024\/03\/cristales.jpg","datePublished":"2024-02-29T11:14:41+00:00","dateModified":"2024-03-14T11:21:09+00:00","breadcrumb":{"@id":"https:\/\/limpiezassalceda.es\/?page_id=16#breadcrumb"},"inLanguage":"es","potentialAction":[{"@type":"ReadAction","target":["https:\/\/limpiezassalceda.es\/?page_id=16"]}]},{"@type":"ImageObject","inLanguage":"es","@id":"https:\/\/limpiezassalceda.es\/?page_id=16#primaryimage","url":"https:\/\/limpiezassalceda.es\/wp-content\/uploads\/2024\/03\/cristales.jpg","contentUrl":"https:\/\/limpiezassalceda.es\/wp-content\/uploads\/2024\/03\/cristales.jpg","width":600,"height":400},{"@type":"BreadcrumbList","@id":"https:\/\/limpiezassalceda.es\/?page_id=16#breadcrumb","itemListElement":[{"@type":"ListItem","position":1,"name":"Portada","item":"https:\/\/limpiezassalceda.es\/"},{"@type":"ListItem","position":2,"name":"Nosotros"}]},{"@type":"WebSite","@id":"https:\/\/limpiezassalceda.es\/#website","url":"https:\/\/limpiezassalceda.es\/","name":"LIMPIEZAS SALCEDA","description":"","publisher":{"@id":"https:\/\/limpiezassalceda.es\/#organization"},"potentialAction":[{"@type":"SearchAction","target":{"@type":"EntryPoint","urlTemplate":"https:\/\/limpiezassalceda.es\/?s={search_term_string}"},"query-input":{"@type":"PropertyValueSpecification","valueRequired":true,"valueName":"search_term_string"}}],"inLanguage":"es"},{"@type":"Organization","@id":"https:\/\/limpiezassalceda.es\/#organization","name":"LIMPIEZAS SALCEDA","url":"https:\/\/limpiezassalceda.es\/","logo":{"@type":"ImageObject","inLanguage":"es","@id":"https:\/\/limpiezassalceda.es\/#\/schema\/logo\/image\/","url":"https:\/\/limpiezassalceda.es\/wp-content\/uploads\/2024\/02\/Logo.png","contentUrl":"https:\/\/limpiezassalceda.es\/wp-content\/uploads\/2024\/02\/Logo.png","width":650,"height":240,"caption":"LIMPIEZAS SALCEDA"},"image":{"@id":"https:\/\/limpiezassalceda.es\/#\/schema\/logo\/image\/"}}]}},"_links":{"self":[{"href":"https:\/\/limpiezassalceda.es\/index.php?rest_route=\/wp\/v2\/pages\/16","targetHints":{"allow":["GET"]}}],"collection":[{"href":"https:\/\/limpiezassalceda.es\/index.php?rest_route=\/wp\/v2\/pages"}],"about":[{"href":"https:\/\/limpiezassalceda.es\/index.php?rest_route=\/wp\/v2\/types\/page"}],"author":[{"embeddable":true,"href":"https:\/\/limpiezassalceda.es\/index.php?rest_route=\/wp\/v2\/users\/1"}],"replies":[{"embeddable":true,"href":"https:\/\/limpiezassalceda.es\/index.php?rest_route=%2Fwp%2Fv2%2Fcomments&post=16"}],"version-history":[{"count":23,"href":"https:\/\/limpiezassalceda.es\/index.php?rest_route=\/wp\/v2\/pages\/16\/revisions"}],"predecessor-version":[{"id":229,"href":"https:\/\/limpiezassalceda.es\/index.php?rest_route=\/wp\/v2\/pages\/16\/revisions\/229"}],"wp:attachment":[{"href":"https:\/\/limpiezassalceda.es\/index.php?rest_route=%2Fwp%2Fv2%2Fmedia&parent=16"}],"curies":[{"name":"wp","href":"https:\/\/api.w.org\/{rel}","templated":true}]}}