{"id":18,"date":"2024-02-29T12:14:57","date_gmt":"2024-02-29T11:14:57","guid":{"rendered":"https:\/\/limpiezassalceda.es\/?page_id=18"},"modified":"2024-03-14T12:16:45","modified_gmt":"2024-03-14T11:16:45","slug":"contacto","status":"publish","type":"page","link":"https:\/\/limpiezassalceda.es\/?page_id=18","title":{"rendered":"Contacto"},"content":{"rendered":"\n<p class=\"has-text-align-center has-text-color has-link-color wp-elements-06596f022dec12a29cce6c66c7114728\" style=\"color:#045280;font-size:30px\"><strong>Contactar con Limpiezas Salceda<\/strong><\/p>\n\n\n\n<div class=\"wp-block-columns alignwide are-vertically-aligned-center has-text-color has-background has-link-color wp-elements-1f8b922d66458cfa0a5b616c2b593356 is-layout-flex wp-container-core-columns-is-layout-9d6595d7 wp-block-columns-is-layout-flex\" style=\"color:#045280;background-color:#d0ecff;font-size:17px\">\n<div class=\"wp-block-column is-vertically-aligned-center is-layout-flow wp-block-column-is-layout-flow\">\n<figure class=\"wp-block-image size-full\"><img loading=\"lazy\" decoding=\"async\" width=\"1476\" height=\"857\" src=\"https:\/\/limpiezassalceda.es\/wp-content\/uploads\/2024\/03\/oficina.jpg\" alt=\"\" class=\"wp-image-167\"\/><\/figure>\n<\/div>\n\n\n\n<div class=\"wp-block-column is-vertically-aligned-center is-layout-flow wp-block-column-is-layout-flow\">\n<p class=\"has-text-color has-link-color wp-elements-d24183179e446794ce2ff5e737bc020c\" style=\"color:#045280\"><strong>Direcci\u00f3n:<\/strong> M\u00e1rtires de Sobredo, 1 &#8211; 36470 Salceda de Caselas (Pontevedra)<\/p>\n\n\n\n<p><\/p>\n\n\n\n<p class=\"has-text-color has-link-color wp-elements-cdc938eede504a50d856ce80e684a7ec\" style=\"color:#045280\"><strong>Tel\u00e9fono:<\/strong>&nbsp;986 347 786 &#8211; 600 774 590&nbsp;<\/p>\n\n\n\n<p><\/p>\n\n\n\n<p class=\"has-text-color has-link-color wp-elements-f9b831ac8fa641a2c8c05261b0583f45\" style=\"color:#045280\"><strong>E-mail:<\/strong> <a href=\"mailto:info@limpiezassalceda.com\" target=\"_blank\" rel=\"noreferrer noopener\">info@limpiezassalceda.com<\/a><\/p>\n<\/div>\n<\/div>\n\n\n\t\t<div\n            id=\"wpmapblock_b50bd12a\"\n            data-settings='{&quot;map_marker&quot;:[{&quot;lat&quot;:&quot;42.0993024&quot;,&quot;lng&quot;:&quot;-8.5605743&quot;,&quot;title&quot;:&quot;&quot;,&quot;content&quot;:&quot;&quot;,&quot;iconType&quot;:&quot;default&quot;,&quot;customIconUrl&quot;:&quot;&quot;,&quot;customIconWidth&quot;:&quot;25&quot;,&quot;customIconHeight&quot;:&quot;40&quot;}],&quot;map_zoom&quot;:10,&quot;scroll_wheel_zoom&quot;:false,&quot;map_type&quot;:&quot;GM&quot;,&quot;center_index&quot;:0}'\n            class=\"wpmapblockrender\"\n            style=\"\n\t\t\twidth: 100%;\n\t\t\theight: 284px;\n\t\t\"\n            >\n        <\/div>\n        \n\n\n<hr class=\"wp-block-separator has-text-color has-alpha-channel-opacity has-background is-style-dots\" style=\"background-color:#045280;color:#045280\"\/>\n\n\n\n<p class=\"has-text-color has-link-color wp-elements-cb729965b97ad013d0b337e66f6787ff\" style=\"color:#045280;font-size:17px\">Ponemos a su disposici\u00f3n un servicio&nbsp;de profesionales dispuestos a asesorarle en todo momento. Puede solicitar presupuesto con nosotros a trav\u00e9s de las siguiente forma de contacto:<\/p>\n\n\n\n<div class=\"wpcf7 no-js\" id=\"wpcf7-f54-o1\" lang=\"es-ES\" dir=\"ltr\" data-wpcf7-id=\"54\">\n<div class=\"screen-reader-response\"><p role=\"status\" aria-live=\"polite\" aria-atomic=\"true\"><\/p> <ul><\/ul><\/div>\n<form action=\"\/index.php?rest_route=%2Fwp%2Fv2%2Fpages%2F18#wpcf7-f54-o1\" method=\"post\" class=\"wpcf7-form init\" aria-label=\"Formulario de contacto\" novalidate=\"novalidate\" data-status=\"init\">\n<fieldset class=\"hidden-fields-container\"><input type=\"hidden\" name=\"_wpcf7\" value=\"54\" \/><input type=\"hidden\" name=\"_wpcf7_version\" value=\"6.1.5\" \/><input type=\"hidden\" name=\"_wpcf7_locale\" value=\"es_ES\" \/><input type=\"hidden\" name=\"_wpcf7_unit_tag\" value=\"wpcf7-f54-o1\" \/><input type=\"hidden\" name=\"_wpcf7_container_post\" value=\"0\" \/><input type=\"hidden\" name=\"_wpcf7_posted_data_hash\" value=\"\" \/>\n<\/fieldset>\n<p><label> Tu nombre<br \/>\n<span class=\"wpcf7-form-control-wrap\" data-name=\"your-name\"><input size=\"40\" maxlength=\"400\" class=\"wpcf7-form-control wpcf7-text wpcf7-validates-as-required\" autocomplete=\"name\" aria-required=\"true\" aria-invalid=\"false\" value=\"\" type=\"text\" name=\"your-name\" \/><\/span> <\/label>\n<\/p>\n<p><label> Tu correo electr\u00f3nico<br \/>\n<span class=\"wpcf7-form-control-wrap\" data-name=\"your-email\"><input size=\"40\" maxlength=\"400\" class=\"wpcf7-form-control wpcf7-email wpcf7-validates-as-required wpcf7-text wpcf7-validates-as-email\" autocomplete=\"email\" aria-required=\"true\" aria-invalid=\"false\" value=\"\" type=\"email\" name=\"your-email\" \/><\/span> <\/label>\n<\/p>\n<p><label> Asunto<br \/>\n<span class=\"wpcf7-form-control-wrap\" data-name=\"your-subject\"><input size=\"40\" maxlength=\"400\" class=\"wpcf7-form-control wpcf7-text wpcf7-validates-as-required\" aria-required=\"true\" aria-invalid=\"false\" value=\"\" type=\"text\" name=\"your-subject\" \/><\/span> <\/label>\n<\/p>\n<p><label> Tu mensaje (opcional)<br \/>\n<span class=\"wpcf7-form-control-wrap\" data-name=\"your-message\"><textarea cols=\"40\" rows=\"10\" maxlength=\"2000\" class=\"wpcf7-form-control wpcf7-textarea\" aria-invalid=\"false\" name=\"your-message\"><\/textarea><\/span> <\/label><br \/>\n<span class=\"wpcf7-form-control-wrap\" data-name=\"acceptance-297\"><span class=\"wpcf7-form-control wpcf7-acceptance\"><span class=\"wpcf7-list-item\"><label><input type=\"checkbox\" name=\"acceptance-297\" value=\"1\" aria-invalid=\"false\" \/><span class=\"wpcf7-list-item-label\">He le\u00eddo y acepto la <a href=\"https:\/\/limpiezassalceda.es\/?page_id=3\">Pol\u00edtica de Privacidad<\/a><\/span><\/label><\/span><\/span><\/span>\n<\/p>\n<p><input class=\"wpcf7-form-control wpcf7-submit has-spinner\" type=\"submit\" value=\"Enviar\" \/>\n<\/p><div class=\"wpcf7-response-output\" aria-hidden=\"true\"><\/div>\n<\/form>\n<\/div>\n\n","protected":false},"excerpt":{"rendered":"<p>Contactar con Limpiezas Salceda Direcci\u00f3n: M\u00e1rtires de Sobredo, 1 &#8211; 36470 Salceda de Caselas (Pontevedra) Tel\u00e9fono:&nbsp;986 347 786 &#8211; 600 774 590&nbsp; E-mail: info@limpiezassalceda.com Ponemos a su disposici\u00f3n un servicio&nbsp;de profesionales dispuestos a asesorarle en todo momento. Puede solicitar presupuesto con nosotros a trav\u00e9s de las siguiente forma de contacto:<\/p>\n","protected":false},"author":1,"featured_media":0,"parent":0,"menu_order":0,"comment_status":"closed","ping_status":"closed","template":"templates\/template-full.php","meta":{"footnotes":""},"class_list":["post-18","page","type-page","status-publish","hentry","post"],"yoast_head":"<!-- This site is optimized with the Yoast SEO plugin v27.3 - https:\/\/yoast.com\/product\/yoast-seo-wordpress\/ -->\n<title>Contacto - Limpiezas Salceda<\/title>\n<meta name=\"robots\" content=\"index, follow, max-snippet:-1, max-image-preview:large, max-video-preview:-1\" \/>\n<link rel=\"canonical\" href=\"https:\/\/limpiezassalceda.es\/?page_id=18\" \/>\n<meta property=\"og:locale\" content=\"es_ES\" \/>\n<meta property=\"og:type\" content=\"article\" \/>\n<meta property=\"og:title\" content=\"Contacto - Limpiezas Salceda\" \/>\n<meta property=\"og:description\" content=\"Contactar con Limpiezas Salceda Direcci\u00f3n: M\u00e1rtires de Sobredo, 1 &#8211; 36470 Salceda de Caselas (Pontevedra) Tel\u00e9fono:&nbsp;986 347 786 &#8211; 600 774 590&nbsp; E-mail: info@limpiezassalceda.com Ponemos a su disposici\u00f3n un servicio&nbsp;de profesionales dispuestos a asesorarle en todo momento. Puede solicitar presupuesto con nosotros a trav\u00e9s de las siguiente forma de contacto:\" \/>\n<meta property=\"og:url\" content=\"https:\/\/limpiezassalceda.es\/?page_id=18\" \/>\n<meta property=\"og:site_name\" content=\"Limpiezas Salceda\" \/>\n<meta property=\"article:modified_time\" content=\"2024-03-14T11:16:45+00:00\" \/>\n<meta property=\"og:image\" content=\"https:\/\/limpiezassalceda.es\/wp-content\/uploads\/2024\/03\/oficina.jpg\" \/>\n<meta name=\"twitter:card\" content=\"summary_large_image\" \/>\n<script type=\"application\/ld+json\" class=\"yoast-schema-graph\">{\"@context\":\"https:\\\/\\\/schema.org\",\"@graph\":[{\"@type\":\"WebPage\",\"@id\":\"https:\\\/\\\/limpiezassalceda.es\\\/?page_id=18\",\"url\":\"https:\\\/\\\/limpiezassalceda.es\\\/?page_id=18\",\"name\":\"Contacto - Limpiezas Salceda\",\"isPartOf\":{\"@id\":\"https:\\\/\\\/limpiezassalceda.es\\\/#website\"},\"primaryImageOfPage\":{\"@id\":\"https:\\\/\\\/limpiezassalceda.es\\\/?page_id=18#primaryimage\"},\"image\":{\"@id\":\"https:\\\/\\\/limpiezassalceda.es\\\/?page_id=18#primaryimage\"},\"thumbnailUrl\":\"https:\\\/\\\/limpiezassalceda.es\\\/wp-content\\\/uploads\\\/2024\\\/03\\\/oficina.jpg\",\"datePublished\":\"2024-02-29T11:14:57+00:00\",\"dateModified\":\"2024-03-14T11:16:45+00:00\",\"breadcrumb\":{\"@id\":\"https:\\\/\\\/limpiezassalceda.es\\\/?page_id=18#breadcrumb\"},\"inLanguage\":\"es\",\"potentialAction\":[{\"@type\":\"ReadAction\",\"target\":[\"https:\\\/\\\/limpiezassalceda.es\\\/?page_id=18\"]}]},{\"@type\":\"ImageObject\",\"inLanguage\":\"es\",\"@id\":\"https:\\\/\\\/limpiezassalceda.es\\\/?page_id=18#primaryimage\",\"url\":\"https:\\\/\\\/limpiezassalceda.es\\\/wp-content\\\/uploads\\\/2024\\\/03\\\/oficina.jpg\",\"contentUrl\":\"https:\\\/\\\/limpiezassalceda.es\\\/wp-content\\\/uploads\\\/2024\\\/03\\\/oficina.jpg\",\"width\":1476,\"height\":857},{\"@type\":\"BreadcrumbList\",\"@id\":\"https:\\\/\\\/limpiezassalceda.es\\\/?page_id=18#breadcrumb\",\"itemListElement\":[{\"@type\":\"ListItem\",\"position\":1,\"name\":\"Portada\",\"item\":\"https:\\\/\\\/limpiezassalceda.es\\\/\"},{\"@type\":\"ListItem\",\"position\":2,\"name\":\"Contacto\"}]},{\"@type\":\"WebSite\",\"@id\":\"https:\\\/\\\/limpiezassalceda.es\\\/#website\",\"url\":\"https:\\\/\\\/limpiezassalceda.es\\\/\",\"name\":\"LIMPIEZAS SALCEDA\",\"description\":\"\",\"publisher\":{\"@id\":\"https:\\\/\\\/limpiezassalceda.es\\\/#organization\"},\"potentialAction\":[{\"@type\":\"SearchAction\",\"target\":{\"@type\":\"EntryPoint\",\"urlTemplate\":\"https:\\\/\\\/limpiezassalceda.es\\\/?s={search_term_string}\"},\"query-input\":{\"@type\":\"PropertyValueSpecification\",\"valueRequired\":true,\"valueName\":\"search_term_string\"}}],\"inLanguage\":\"es\"},{\"@type\":\"Organization\",\"@id\":\"https:\\\/\\\/limpiezassalceda.es\\\/#organization\",\"name\":\"LIMPIEZAS SALCEDA\",\"url\":\"https:\\\/\\\/limpiezassalceda.es\\\/\",\"logo\":{\"@type\":\"ImageObject\",\"inLanguage\":\"es\",\"@id\":\"https:\\\/\\\/limpiezassalceda.es\\\/#\\\/schema\\\/logo\\\/image\\\/\",\"url\":\"https:\\\/\\\/limpiezassalceda.es\\\/wp-content\\\/uploads\\\/2024\\\/02\\\/Logo.png\",\"contentUrl\":\"https:\\\/\\\/limpiezassalceda.es\\\/wp-content\\\/uploads\\\/2024\\\/02\\\/Logo.png\",\"width\":650,\"height\":240,\"caption\":\"LIMPIEZAS SALCEDA\"},\"image\":{\"@id\":\"https:\\\/\\\/limpiezassalceda.es\\\/#\\\/schema\\\/logo\\\/image\\\/\"}}]}<\/script>\n<!-- \/ Yoast SEO plugin. -->","yoast_head_json":{"title":"Contacto - Limpiezas Salceda","robots":{"index":"index","follow":"follow","max-snippet":"max-snippet:-1","max-image-preview":"max-image-preview:large","max-video-preview":"max-video-preview:-1"},"canonical":"https:\/\/limpiezassalceda.es\/?page_id=18","og_locale":"es_ES","og_type":"article","og_title":"Contacto - Limpiezas Salceda","og_description":"Contactar con Limpiezas Salceda Direcci\u00f3n: M\u00e1rtires de Sobredo, 1 &#8211; 36470 Salceda de Caselas (Pontevedra) Tel\u00e9fono:&nbsp;986 347 786 &#8211; 600 774 590&nbsp; E-mail: info@limpiezassalceda.com Ponemos a su disposici\u00f3n un servicio&nbsp;de profesionales dispuestos a asesorarle en todo momento. Puede solicitar presupuesto con nosotros a trav\u00e9s de las siguiente forma de contacto:","og_url":"https:\/\/limpiezassalceda.es\/?page_id=18","og_site_name":"Limpiezas Salceda","article_modified_time":"2024-03-14T11:16:45+00:00","og_image":[{"url":"https:\/\/limpiezassalceda.es\/wp-content\/uploads\/2024\/03\/oficina.jpg","type":"","width":"","height":""}],"twitter_card":"summary_large_image","schema":{"@context":"https:\/\/schema.org","@graph":[{"@type":"WebPage","@id":"https:\/\/limpiezassalceda.es\/?page_id=18","url":"https:\/\/limpiezassalceda.es\/?page_id=18","name":"Contacto - Limpiezas Salceda","isPartOf":{"@id":"https:\/\/limpiezassalceda.es\/#website"},"primaryImageOfPage":{"@id":"https:\/\/limpiezassalceda.es\/?page_id=18#primaryimage"},"image":{"@id":"https:\/\/limpiezassalceda.es\/?page_id=18#primaryimage"},"thumbnailUrl":"https:\/\/limpiezassalceda.es\/wp-content\/uploads\/2024\/03\/oficina.jpg","datePublished":"2024-02-29T11:14:57+00:00","dateModified":"2024-03-14T11:16:45+00:00","breadcrumb":{"@id":"https:\/\/limpiezassalceda.es\/?page_id=18#breadcrumb"},"inLanguage":"es","potentialAction":[{"@type":"ReadAction","target":["https:\/\/limpiezassalceda.es\/?page_id=18"]}]},{"@type":"ImageObject","inLanguage":"es","@id":"https:\/\/limpiezassalceda.es\/?page_id=18#primaryimage","url":"https:\/\/limpiezassalceda.es\/wp-content\/uploads\/2024\/03\/oficina.jpg","contentUrl":"https:\/\/limpiezassalceda.es\/wp-content\/uploads\/2024\/03\/oficina.jpg","width":1476,"height":857},{"@type":"BreadcrumbList","@id":"https:\/\/limpiezassalceda.es\/?page_id=18#breadcrumb","itemListElement":[{"@type":"ListItem","position":1,"name":"Portada","item":"https:\/\/limpiezassalceda.es\/"},{"@type":"ListItem","position":2,"name":"Contacto"}]},{"@type":"WebSite","@id":"https:\/\/limpiezassalceda.es\/#website","url":"https:\/\/limpiezassalceda.es\/","name":"LIMPIEZAS SALCEDA","description":"","publisher":{"@id":"https:\/\/limpiezassalceda.es\/#organization"},"potentialAction":[{"@type":"SearchAction","target":{"@type":"EntryPoint","urlTemplate":"https:\/\/limpiezassalceda.es\/?s={search_term_string}"},"query-input":{"@type":"PropertyValueSpecification","valueRequired":true,"valueName":"search_term_string"}}],"inLanguage":"es"},{"@type":"Organization","@id":"https:\/\/limpiezassalceda.es\/#organization","name":"LIMPIEZAS SALCEDA","url":"https:\/\/limpiezassalceda.es\/","logo":{"@type":"ImageObject","inLanguage":"es","@id":"https:\/\/limpiezassalceda.es\/#\/schema\/logo\/image\/","url":"https:\/\/limpiezassalceda.es\/wp-content\/uploads\/2024\/02\/Logo.png","contentUrl":"https:\/\/limpiezassalceda.es\/wp-content\/uploads\/2024\/02\/Logo.png","width":650,"height":240,"caption":"LIMPIEZAS SALCEDA"},"image":{"@id":"https:\/\/limpiezassalceda.es\/#\/schema\/logo\/image\/"}}]}},"_links":{"self":[{"href":"https:\/\/limpiezassalceda.es\/index.php?rest_route=\/wp\/v2\/pages\/18","targetHints":{"allow":["GET"]}}],"collection":[{"href":"https:\/\/limpiezassalceda.es\/index.php?rest_route=\/wp\/v2\/pages"}],"about":[{"href":"https:\/\/limpiezassalceda.es\/index.php?rest_route=\/wp\/v2\/types\/page"}],"author":[{"embeddable":true,"href":"https:\/\/limpiezassalceda.es\/index.php?rest_route=\/wp\/v2\/users\/1"}],"replies":[{"embeddable":true,"href":"https:\/\/limpiezassalceda.es\/index.php?rest_route=%2Fwp%2Fv2%2Fcomments&post=18"}],"version-history":[{"count":24,"href":"https:\/\/limpiezassalceda.es\/index.php?rest_route=\/wp\/v2\/pages\/18\/revisions"}],"predecessor-version":[{"id":226,"href":"https:\/\/limpiezassalceda.es\/index.php?rest_route=\/wp\/v2\/pages\/18\/revisions\/226"}],"wp:attachment":[{"href":"https:\/\/limpiezassalceda.es\/index.php?rest_route=%2Fwp%2Fv2%2Fmedia&parent=18"}],"curies":[{"name":"wp","href":"https:\/\/api.w.org\/{rel}","templated":true}]}}