{"id":20,"date":"2024-02-29T12:15:44","date_gmt":"2024-02-29T11:15:44","guid":{"rendered":"https:\/\/limpiezassalceda.es\/?page_id=20"},"modified":"2024-03-14T12:25:48","modified_gmt":"2024-03-14T11:25:48","slug":"inicio","status":"publish","type":"page","link":"https:\/\/limpiezassalceda.es\/","title":{"rendered":"Inicio"},"content":{"rendered":"\n<p class=\"has-text-align-center has-text-color has-link-color wp-elements-7d994a485f30967e36bdd8137b7f6534\" style=\"color:#045280;font-size:30px\"><strong>\u00bfQu\u00e9 nos distingue?<\/strong><\/p>\n\n\n\n<div class=\"wp-block-columns is-layout-flex wp-container-core-columns-is-layout-9d6595d7 wp-block-columns-is-layout-flex\">\n<div class=\"wp-block-column is-layout-flow wp-block-column-is-layout-flow\">\n<figure class=\"wp-block-image size-full\"><img loading=\"lazy\" decoding=\"async\" width=\"1920\" height=\"1080\" src=\"https:\/\/limpiezassalceda.es\/wp-content\/uploads\/2024\/03\/servicios-de-limpieza.jpg\" alt=\"\" class=\"wp-image-100\" style=\"aspect-ratio:3\/2;object-fit:cover\"\/><\/figure>\n\n\n\n<div class=\"wp-block-columns is-layout-flex wp-container-core-columns-is-layout-9d6595d7 wp-block-columns-is-layout-flex\">\n<div class=\"wp-block-column is-layout-flow wp-block-column-is-layout-flow\" style=\"flex-basis:100%\">\n<p class=\"has-text-color has-link-color wp-elements-0df7526be744f4769ead96b6d1855c87\" style=\"color:#045280;font-size:17px\">Descubre nuestros amplios servicios para hogares y negocios personalizados para cada cliente.<\/p>\n<\/div>\n<\/div>\n\n\n\n<div class=\"wp-block-buttons is-content-justification-center is-layout-flex wp-container-core-buttons-is-layout-16018d1d wp-block-buttons-is-layout-flex\">\n<div class=\"wp-block-button is-style-fill\"><a class=\"wp-block-button__link has-white-color has-text-color has-background has-link-color wp-element-button\" href=\"https:\/\/limpiezassalceda.es\/?page_id=14\" style=\"border-radius:10px;background-color:#185d85\">Servicios<\/a><\/div>\n<\/div>\n<\/div>\n\n\n\n<div class=\"wp-block-column is-layout-flow wp-block-column-is-layout-flow\">\n<figure class=\"wp-block-image size-full\"><img loading=\"lazy\" decoding=\"async\" width=\"770\" height=\"323\" src=\"https:\/\/limpiezassalceda.es\/wp-content\/uploads\/2024\/03\/nosotros.jpg\" alt=\"\" class=\"wp-image-103\" style=\"aspect-ratio:3\/2;object-fit:cover\"\/><\/figure>\n\n\n\n<div class=\"wp-block-columns is-layout-flex wp-container-core-columns-is-layout-9d6595d7 wp-block-columns-is-layout-flex\">\n<div class=\"wp-block-column is-layout-flow wp-block-column-is-layout-flow\" style=\"flex-basis:100%\">\n<p class=\"has-text-color has-link-color wp-elements-f037674d96a5baf76e9bd82d3c1b4570\" style=\"color:#045280;font-size:17px\">Clica para conocer nuestra historia con m\u00e1s de 20 a\u00f1os de experiencia en el sector de la limpieza.<\/p>\n<\/div>\n<\/div>\n\n\n\n<div class=\"wp-block-buttons is-content-justification-center is-layout-flex wp-container-core-buttons-is-layout-16018d1d wp-block-buttons-is-layout-flex\">\n<div class=\"wp-block-button is-style-fill\"><a class=\"wp-block-button__link has-white-color has-text-color has-background has-link-color wp-element-button\" href=\"https:\/\/limpiezassalceda.es\/?page_id=16\" style=\"border-radius:10px;background-color:#185d85\">Nosotros<\/a><\/div>\n<\/div>\n<\/div>\n\n\n\n<div class=\"wp-block-column is-layout-flow wp-block-column-is-layout-flow\">\n<figure class=\"wp-block-image size-full\"><img loading=\"lazy\" decoding=\"async\" width=\"426\" height=\"251\" src=\"https:\/\/limpiezassalceda.es\/wp-content\/uploads\/2024\/03\/contacto.jpg\" alt=\"\" class=\"wp-image-105\" style=\"aspect-ratio:3\/2;object-fit:cover\"\/><\/figure>\n\n\n\n<div class=\"wp-block-columns is-layout-flex wp-container-core-columns-is-layout-9d6595d7 wp-block-columns-is-layout-flex\">\n<div class=\"wp-block-column is-layout-flow wp-block-column-is-layout-flow\" style=\"flex-basis:100%\">\n<p class=\"has-text-color has-link-color wp-elements-196f203f7c05526732ad46856bee490b\" style=\"color:#045280;font-size:17px\">Transforma tu espacio: cont\u00e1ctanos y descubre c\u00f3mo podemos revitalizar tu hogar o negocio.<\/p>\n<\/div>\n<\/div>\n\n\n\n<div class=\"wp-block-buttons is-content-justification-center is-layout-flex wp-container-core-buttons-is-layout-16018d1d wp-block-buttons-is-layout-flex\">\n<div class=\"wp-block-button is-style-fill\"><a class=\"wp-block-button__link has-white-color has-text-color has-background has-link-color wp-element-button\" href=\"https:\/\/limpiezassalceda.es\/?page_id=18\" style=\"border-radius:10px;background-color:#185d85\">Contacto<\/a><\/div>\n<\/div>\n<\/div>\n<\/div>\n\n\n\n<p> <\/p>\n\n\n\n<hr class=\"wp-block-separator has-text-color has-pale-cyan-blue-color has-alpha-channel-opacity has-pale-cyan-blue-background-color has-background is-style-dots\"\/>\n\n\n\n<p> <\/p>\n\n\n\n<div class=\"wp-block-columns alignwide has-background is-layout-flex wp-container-core-columns-is-layout-9d6595d7 wp-block-columns-is-layout-flex\" style=\"background-color:#d0ecff\">\n<div class=\"wp-block-column is-vertically-aligned-center is-layout-flow wp-block-column-is-layout-flow\">\n<p class=\"has-text-align-center has-text-color has-link-color wp-elements-b0f8e188a38f6e1d3a9cd770acc87b11\" style=\"color:#045280;font-size:30px\"><strong>Servicios Profesionales de Limpieza<\/strong><\/p>\n\n\n\n<p class=\"has-text-align-center has-text-color has-link-color wp-elements-399af2346db4c488c1e0325eb949356d\" style=\"color:#045280;font-size:17px\">Limpiezas Salceda ha estado proporcionando servicios de limpieza Salceda y sus alrededores, cubriendo tanto el \u00e1mbito dom\u00e9stico como comercial. Nuestros precios de limpieza son honestos, justos y razonables. Ofrecemos servicios de limpieza profesional que le dar\u00e1n a su hogar o negocio un aspecto fresco y renovado. Completamente licenciada y asegurada, con sede en Salceda, nos dedicamos a la limpieza del hogar, sino que tambi\u00e9n brindamos servicios de limpieza comercial para satisfacer todas sus necesidades. Conf\u00ede en nosotros para dejar su espacio impecable y revitalizado.<\/p>\n\n\n\n<div class=\"wp-block-columns is-layout-flex wp-container-core-columns-is-layout-9d6595d7 wp-block-columns-is-layout-flex\">\n<div class=\"wp-block-column is-layout-flow wp-block-column-is-layout-flow\">\n<div class=\"wp-block-buttons is-content-justification-center is-layout-flex wp-container-core-buttons-is-layout-16018d1d wp-block-buttons-is-layout-flex\">\n<div class=\"wp-block-button is-style-fill\"><a class=\"wp-block-button__link has-white-color has-text-color has-background has-link-color wp-element-button\" href=\"https:\/\/limpiezassalceda.es\/?page_id=14\" style=\"border-radius:10px;background-color:#185d85\">Comercial<\/a><\/div>\n<\/div>\n<\/div>\n\n\n\n<div class=\"wp-block-column is-layout-flow wp-block-column-is-layout-flow\">\n<div class=\"wp-block-buttons is-content-justification-center is-layout-flex wp-container-core-buttons-is-layout-16018d1d wp-block-buttons-is-layout-flex\">\n<div class=\"wp-block-button\"><a class=\"wp-block-button__link has-white-color has-text-color has-background has-link-color wp-element-button\" href=\"https:\/\/limpiezassalceda.es\/?page_id=14\" style=\"border-radius:10px;background-color:#9e4c61\">Residencial<\/a><\/div>\n<\/div>\n<\/div>\n<\/div>\n<\/div>\n\n\n\n<div class=\"wp-block-column is-vertically-aligned-center is-layout-flow wp-block-column-is-layout-flow\"><div class=\"wp-block-image is-style-default\">\n<figure data-wp-context=\"{&quot;imageId&quot;:&quot;69d351aebf317&quot;}\" data-wp-interactive=\"core\/image\" data-wp-key=\"69d351aebf317\" class=\"aligncenter size-full is-resized wp-lightbox-container\"><img loading=\"lazy\" decoding=\"async\" width=\"1024\" height=\"768\" data-wp-class--hide=\"state.isContentHidden\" data-wp-class--show=\"state.isContentVisible\" data-wp-init=\"callbacks.setButtonStyles\" data-wp-on--click=\"actions.showLightbox\" data-wp-on--load=\"callbacks.setButtonStyles\" data-wp-on-window--resize=\"callbacks.setButtonStyles\" src=\"https:\/\/limpiezassalceda.es\/wp-content\/uploads\/2024\/03\/aspectos-a-considerar-elegir-uniformes-de-limpieza.jpg\" alt=\"\" class=\"wp-image-83\" style=\"width:519px;height:auto\"\/><button\n\t\t\tclass=\"lightbox-trigger\"\n\t\t\ttype=\"button\"\n\t\t\taria-haspopup=\"dialog\"\n\t\t\taria-label=\"Agrandar\"\n\t\t\tdata-wp-init=\"callbacks.initTriggerButton\"\n\t\t\tdata-wp-on--click=\"actions.showLightbox\"\n\t\t\tdata-wp-style--right=\"state.imageButtonRight\"\n\t\t\tdata-wp-style--top=\"state.imageButtonTop\"\n\t\t>\n\t\t\t<svg xmlns=\"http:\/\/www.w3.org\/2000\/svg\" width=\"12\" height=\"12\" fill=\"none\" viewBox=\"0 0 12 12\">\n\t\t\t\t<path fill=\"#fff\" d=\"M2 0a2 2 0 0 0-2 2v2h1.5V2a.5.5 0 0 1 .5-.5h2V0H2Zm2 10.5H2a.5.5 0 0 1-.5-.5V8H0v2a2 2 0 0 0 2 2h2v-1.5ZM8 12v-1.5h2a.5.5 0 0 0 .5-.5V8H12v2a2 2 0 0 1-2 2H8Zm2-12a2 2 0 0 1 2 2v2h-1.5V2a.5.5 0 0 0-.5-.5H8V0h2Z\" \/>\n\t\t\t<\/svg>\n\t\t<\/button><\/figure>\n<\/div><\/div>\n<\/div>\n\n\n\n<hr class=\"wp-block-separator has-text-color has-pale-cyan-blue-color has-alpha-channel-opacity has-pale-cyan-blue-background-color has-background is-style-dots\"\/>\n\n\n\n<div class=\"wp-block-columns is-layout-flex wp-container-core-columns-is-layout-9d6595d7 wp-block-columns-is-layout-flex\">\n<div class=\"wp-block-column is-layout-flow wp-block-column-is-layout-flow\"><div class=\"wp-block-image\">\n<figure class=\"aligncenter size-full is-resized\"><img loading=\"lazy\" decoding=\"async\" width=\"512\" height=\"512\" src=\"https:\/\/limpiezassalceda.es\/wp-content\/uploads\/2024\/03\/correcto.png\" alt=\"\" class=\"wp-image-117\" style=\"object-fit:cover;width:100px;height:100px\"\/><\/figure>\n<\/div>\n\n\n<p class=\"has-text-align-center has-text-color has-link-color wp-elements-e77a4f6e84aa8490998c8a8815357432\" style=\"color:#045280;font-size:30px\"><strong>Profesionalidad<\/strong><\/p>\n\n\n\n<p class=\"has-text-color has-link-color wp-elements-9340e543007d53bc7c61b845a6c45039\" style=\"color:#045280;font-size:17px\">Poseemos una extensa experiencia y a\u00f1os de pr\u00e1ctica en el \u00e1mbito.<\/p>\n<\/div>\n\n\n\n<div class=\"wp-block-column is-layout-flow wp-block-column-is-layout-flow\"><div class=\"wp-block-image\">\n<figure class=\"aligncenter size-full is-resized\"><img loading=\"lazy\" decoding=\"async\" width=\"512\" height=\"512\" src=\"https:\/\/limpiezassalceda.es\/wp-content\/uploads\/2024\/03\/expediente.png\" alt=\"\" class=\"wp-image-118\" style=\"object-fit:cover;width:100px;height:100px\"\/><\/figure>\n<\/div>\n\n\n<p class=\"has-text-align-center has-text-color has-link-color wp-elements-d0d1f07b63006b0edbc81b14719e2853\" style=\"color:#045280;font-size:30px\"><strong>Personalizaci\u00f3n<\/strong><\/p>\n\n\n\n<p class=\"has-text-color has-link-color wp-elements-c8f944040383ecc89a935af66b2404e9\" style=\"color:#045280;font-size:17px\">Ofrecemos un c\u00e1lculo adaptado y completamente ajustado a sus necesidades.<\/p>\n<\/div>\n\n\n\n<div class=\"wp-block-column is-layout-flow wp-block-column-is-layout-flow\"><div class=\"wp-block-image\">\n<figure class=\"aligncenter size-full is-resized\"><img loading=\"lazy\" decoding=\"async\" width=\"781\" height=\"571\" src=\"https:\/\/limpiezassalceda.es\/wp-content\/uploads\/2024\/03\/tecnologia.png\" alt=\"\" class=\"wp-image-128\" style=\"object-fit:cover;width:100px;height:100px\"\/><\/figure>\n<\/div>\n\n\n<p class=\"has-text-align-center has-text-color has-link-color wp-elements-66cc27ba165526c778c708408a5eca09\" style=\"color:#045280;font-size:30px\"><strong>Innovaci\u00f3n<\/strong><\/p>\n\n\n\n<p class=\"has-text-color has-link-color wp-elements-e90dcceed5c6457a5078697d9952f5d3\" style=\"color:#045280;font-size:17px\">Utilizamos la tecnolog\u00eda y maquinaria m\u00e1s avanzada en cada prestaci\u00f3n.<\/p>\n<\/div>\n\n\n\n<div class=\"wp-block-column is-layout-flow wp-block-column-is-layout-flow\"><div class=\"wp-block-image\">\n<figure class=\"aligncenter size-full is-resized\"><img loading=\"lazy\" decoding=\"async\" width=\"512\" height=\"512\" src=\"https:\/\/limpiezassalceda.es\/wp-content\/uploads\/2024\/03\/location.png\" alt=\"\" class=\"wp-image-121\" style=\"object-fit:cover;width:100px;height:100px\"\/><\/figure>\n<\/div>\n\n\n<p class=\"has-text-align-center has-text-color has-link-color wp-elements-faeb27501ab8bc6e2ac2e5e5ae0adecf\" style=\"color:#045280;font-size:30px\"><strong>Adaptaci\u00f3n<\/strong><\/p>\n\n\n\n<p class=\"has-text-color has-link-color wp-elements-4998ecb1b98c15059e5c1465385b08b8\" style=\"color:#045280;font-size:17px\">Constantemente nos ajustamos; es por ello que trabajamos en una amplia variedad de entornos.<\/p>\n<\/div>\n<\/div>\n","protected":false},"excerpt":{"rendered":"<p>\u00bfQu\u00e9 nos distingue? Descubre nuestros amplios servicios para hogares y negocios personalizados para cada cliente. Clica para conocer nuestra historia con m\u00e1s de 20 a\u00f1os de experiencia en el sector de la limpieza. Transforma tu espacio: cont\u00e1ctanos y descubre c\u00f3mo podemos revitalizar tu hogar o negocio. Servicios Profesionales de Limpieza Limpiezas Salceda ha estado proporcionando [&hellip;]<\/p>\n","protected":false},"author":1,"featured_media":0,"parent":0,"menu_order":0,"comment_status":"closed","ping_status":"closed","template":"templates\/template-full.php","meta":{"footnotes":""},"class_list":["post-20","page","type-page","status-publish","hentry","post"],"yoast_head":"<!-- This site is optimized with the Yoast SEO plugin v27.3 - https:\/\/yoast.com\/product\/yoast-seo-wordpress\/ -->\n<title>Inicio - Limpiezas Salceda<\/title>\n<meta name=\"robots\" content=\"index, follow, max-snippet:-1, max-image-preview:large, max-video-preview:-1\" \/>\n<link rel=\"canonical\" href=\"https:\/\/limpiezassalceda.es\/\" \/>\n<meta property=\"og:locale\" content=\"es_ES\" \/>\n<meta property=\"og:type\" content=\"article\" \/>\n<meta property=\"og:title\" content=\"Inicio - Limpiezas Salceda\" \/>\n<meta property=\"og:description\" content=\"\u00bfQu\u00e9 nos distingue? Descubre nuestros amplios servicios para hogares y negocios personalizados para cada cliente. Clica para conocer nuestra historia con m\u00e1s de 20 a\u00f1os de experiencia en el sector de la limpieza. Transforma tu espacio: cont\u00e1ctanos y descubre c\u00f3mo podemos revitalizar tu hogar o negocio. Servicios Profesionales de Limpieza Limpiezas Salceda ha estado proporcionando [&hellip;]\" \/>\n<meta property=\"og:url\" content=\"https:\/\/limpiezassalceda.es\/\" \/>\n<meta property=\"og:site_name\" content=\"Limpiezas Salceda\" \/>\n<meta property=\"article:modified_time\" content=\"2024-03-14T11:25:48+00:00\" \/>\n<meta property=\"og:image\" content=\"https:\/\/limpiezassalceda.es\/wp-content\/uploads\/2024\/03\/servicios-de-limpieza.jpg\" \/>\n<meta name=\"twitter:card\" content=\"summary_large_image\" \/>\n<meta name=\"twitter:label1\" content=\"Tiempo de lectura\" \/>\n\t<meta name=\"twitter:data1\" content=\"1 minuto\" \/>\n<script type=\"application\/ld+json\" class=\"yoast-schema-graph\">{\"@context\":\"https:\\\/\\\/schema.org\",\"@graph\":[{\"@type\":\"WebPage\",\"@id\":\"https:\\\/\\\/limpiezassalceda.es\\\/\",\"url\":\"https:\\\/\\\/limpiezassalceda.es\\\/\",\"name\":\"Inicio - Limpiezas Salceda\",\"isPartOf\":{\"@id\":\"https:\\\/\\\/limpiezassalceda.es\\\/#website\"},\"primaryImageOfPage\":{\"@id\":\"https:\\\/\\\/limpiezassalceda.es\\\/#primaryimage\"},\"image\":{\"@id\":\"https:\\\/\\\/limpiezassalceda.es\\\/#primaryimage\"},\"thumbnailUrl\":\"https:\\\/\\\/limpiezassalceda.es\\\/wp-content\\\/uploads\\\/2024\\\/03\\\/servicios-de-limpieza.jpg\",\"datePublished\":\"2024-02-29T11:15:44+00:00\",\"dateModified\":\"2024-03-14T11:25:48+00:00\",\"breadcrumb\":{\"@id\":\"https:\\\/\\\/limpiezassalceda.es\\\/#breadcrumb\"},\"inLanguage\":\"es\",\"potentialAction\":[{\"@type\":\"ReadAction\",\"target\":[\"https:\\\/\\\/limpiezassalceda.es\\\/\"]}]},{\"@type\":\"ImageObject\",\"inLanguage\":\"es\",\"@id\":\"https:\\\/\\\/limpiezassalceda.es\\\/#primaryimage\",\"url\":\"https:\\\/\\\/limpiezassalceda.es\\\/wp-content\\\/uploads\\\/2024\\\/03\\\/servicios-de-limpieza.jpg\",\"contentUrl\":\"https:\\\/\\\/limpiezassalceda.es\\\/wp-content\\\/uploads\\\/2024\\\/03\\\/servicios-de-limpieza.jpg\",\"width\":1920,\"height\":1080},{\"@type\":\"BreadcrumbList\",\"@id\":\"https:\\\/\\\/limpiezassalceda.es\\\/#breadcrumb\",\"itemListElement\":[{\"@type\":\"ListItem\",\"position\":1,\"name\":\"Portada\",\"item\":\"https:\\\/\\\/limpiezassalceda.es\\\/\"},{\"@type\":\"ListItem\",\"position\":2,\"name\":\"Inicio\"}]},{\"@type\":\"WebSite\",\"@id\":\"https:\\\/\\\/limpiezassalceda.es\\\/#website\",\"url\":\"https:\\\/\\\/limpiezassalceda.es\\\/\",\"name\":\"LIMPIEZAS SALCEDA\",\"description\":\"\",\"publisher\":{\"@id\":\"https:\\\/\\\/limpiezassalceda.es\\\/#organization\"},\"potentialAction\":[{\"@type\":\"SearchAction\",\"target\":{\"@type\":\"EntryPoint\",\"urlTemplate\":\"https:\\\/\\\/limpiezassalceda.es\\\/?s={search_term_string}\"},\"query-input\":{\"@type\":\"PropertyValueSpecification\",\"valueRequired\":true,\"valueName\":\"search_term_string\"}}],\"inLanguage\":\"es\"},{\"@type\":\"Organization\",\"@id\":\"https:\\\/\\\/limpiezassalceda.es\\\/#organization\",\"name\":\"LIMPIEZAS SALCEDA\",\"url\":\"https:\\\/\\\/limpiezassalceda.es\\\/\",\"logo\":{\"@type\":\"ImageObject\",\"inLanguage\":\"es\",\"@id\":\"https:\\\/\\\/limpiezassalceda.es\\\/#\\\/schema\\\/logo\\\/image\\\/\",\"url\":\"https:\\\/\\\/limpiezassalceda.es\\\/wp-content\\\/uploads\\\/2024\\\/02\\\/Logo.png\",\"contentUrl\":\"https:\\\/\\\/limpiezassalceda.es\\\/wp-content\\\/uploads\\\/2024\\\/02\\\/Logo.png\",\"width\":650,\"height\":240,\"caption\":\"LIMPIEZAS SALCEDA\"},\"image\":{\"@id\":\"https:\\\/\\\/limpiezassalceda.es\\\/#\\\/schema\\\/logo\\\/image\\\/\"}}]}<\/script>\n<!-- \/ Yoast SEO plugin. -->","yoast_head_json":{"title":"Inicio - Limpiezas Salceda","robots":{"index":"index","follow":"follow","max-snippet":"max-snippet:-1","max-image-preview":"max-image-preview:large","max-video-preview":"max-video-preview:-1"},"canonical":"https:\/\/limpiezassalceda.es\/","og_locale":"es_ES","og_type":"article","og_title":"Inicio - Limpiezas Salceda","og_description":"\u00bfQu\u00e9 nos distingue? Descubre nuestros amplios servicios para hogares y negocios personalizados para cada cliente. Clica para conocer nuestra historia con m\u00e1s de 20 a\u00f1os de experiencia en el sector de la limpieza. Transforma tu espacio: cont\u00e1ctanos y descubre c\u00f3mo podemos revitalizar tu hogar o negocio. Servicios Profesionales de Limpieza Limpiezas Salceda ha estado proporcionando [&hellip;]","og_url":"https:\/\/limpiezassalceda.es\/","og_site_name":"Limpiezas Salceda","article_modified_time":"2024-03-14T11:25:48+00:00","og_image":[{"url":"https:\/\/limpiezassalceda.es\/wp-content\/uploads\/2024\/03\/servicios-de-limpieza.jpg","type":"","width":"","height":""}],"twitter_card":"summary_large_image","twitter_misc":{"Tiempo de lectura":"1 minuto"},"schema":{"@context":"https:\/\/schema.org","@graph":[{"@type":"WebPage","@id":"https:\/\/limpiezassalceda.es\/","url":"https:\/\/limpiezassalceda.es\/","name":"Inicio - Limpiezas Salceda","isPartOf":{"@id":"https:\/\/limpiezassalceda.es\/#website"},"primaryImageOfPage":{"@id":"https:\/\/limpiezassalceda.es\/#primaryimage"},"image":{"@id":"https:\/\/limpiezassalceda.es\/#primaryimage"},"thumbnailUrl":"https:\/\/limpiezassalceda.es\/wp-content\/uploads\/2024\/03\/servicios-de-limpieza.jpg","datePublished":"2024-02-29T11:15:44+00:00","dateModified":"2024-03-14T11:25:48+00:00","breadcrumb":{"@id":"https:\/\/limpiezassalceda.es\/#breadcrumb"},"inLanguage":"es","potentialAction":[{"@type":"ReadAction","target":["https:\/\/limpiezassalceda.es\/"]}]},{"@type":"ImageObject","inLanguage":"es","@id":"https:\/\/limpiezassalceda.es\/#primaryimage","url":"https:\/\/limpiezassalceda.es\/wp-content\/uploads\/2024\/03\/servicios-de-limpieza.jpg","contentUrl":"https:\/\/limpiezassalceda.es\/wp-content\/uploads\/2024\/03\/servicios-de-limpieza.jpg","width":1920,"height":1080},{"@type":"BreadcrumbList","@id":"https:\/\/limpiezassalceda.es\/#breadcrumb","itemListElement":[{"@type":"ListItem","position":1,"name":"Portada","item":"https:\/\/limpiezassalceda.es\/"},{"@type":"ListItem","position":2,"name":"Inicio"}]},{"@type":"WebSite","@id":"https:\/\/limpiezassalceda.es\/#website","url":"https:\/\/limpiezassalceda.es\/","name":"LIMPIEZAS SALCEDA","description":"","publisher":{"@id":"https:\/\/limpiezassalceda.es\/#organization"},"potentialAction":[{"@type":"SearchAction","target":{"@type":"EntryPoint","urlTemplate":"https:\/\/limpiezassalceda.es\/?s={search_term_string}"},"query-input":{"@type":"PropertyValueSpecification","valueRequired":true,"valueName":"search_term_string"}}],"inLanguage":"es"},{"@type":"Organization","@id":"https:\/\/limpiezassalceda.es\/#organization","name":"LIMPIEZAS SALCEDA","url":"https:\/\/limpiezassalceda.es\/","logo":{"@type":"ImageObject","inLanguage":"es","@id":"https:\/\/limpiezassalceda.es\/#\/schema\/logo\/image\/","url":"https:\/\/limpiezassalceda.es\/wp-content\/uploads\/2024\/02\/Logo.png","contentUrl":"https:\/\/limpiezassalceda.es\/wp-content\/uploads\/2024\/02\/Logo.png","width":650,"height":240,"caption":"LIMPIEZAS SALCEDA"},"image":{"@id":"https:\/\/limpiezassalceda.es\/#\/schema\/logo\/image\/"}}]}},"_links":{"self":[{"href":"https:\/\/limpiezassalceda.es\/index.php?rest_route=\/wp\/v2\/pages\/20","targetHints":{"allow":["GET"]}}],"collection":[{"href":"https:\/\/limpiezassalceda.es\/index.php?rest_route=\/wp\/v2\/pages"}],"about":[{"href":"https:\/\/limpiezassalceda.es\/index.php?rest_route=\/wp\/v2\/types\/page"}],"author":[{"embeddable":true,"href":"https:\/\/limpiezassalceda.es\/index.php?rest_route=\/wp\/v2\/users\/1"}],"replies":[{"embeddable":true,"href":"https:\/\/limpiezassalceda.es\/index.php?rest_route=%2Fwp%2Fv2%2Fcomments&post=20"}],"version-history":[{"count":62,"href":"https:\/\/limpiezassalceda.es\/index.php?rest_route=\/wp\/v2\/pages\/20\/revisions"}],"predecessor-version":[{"id":234,"href":"https:\/\/limpiezassalceda.es\/index.php?rest_route=\/wp\/v2\/pages\/20\/revisions\/234"}],"wp:attachment":[{"href":"https:\/\/limpiezassalceda.es\/index.php?rest_route=%2Fwp%2Fv2%2Fmedia&parent=20"}],"curies":[{"name":"wp","href":"https:\/\/api.w.org\/{rel}","templated":true}]}}